{"id":239,"date":"2016-02-19T21:17:43","date_gmt":"2016-02-19T21:17:43","guid":{"rendered":"http:\/\/test.kriesi.at\/hotel\/?page_id=239"},"modified":"2024-11-12T11:30:37","modified_gmt":"2024-11-12T10:30:37","slug":"restaurant","status":"publish","type":"page","link":"http:\/\/designplanung-leipzig.de\/projekt-003\/restaurant\/","title":{"rendered":"Restaurant"},"content":{"rendered":"\n<style type=\"text\/css\" data-created_by=\"avia_inline_auto\" id=\"style-css-av-m20f2oz4-f8cf3cedaa9c2bf5117f68830960e054\">\n.avia-section.av-m20f2oz4-f8cf3cedaa9c2bf5117f68830960e054{\nbackground-repeat:no-repeat;\nbackground-image:url(http:\/\/designplanung-leipzig.de\/projekt-003\/wp-content\/uploads\/2024\/11\/Banner-10.jpg);\nbackground-position:50% 50%;\nbackground-attachment:scroll;\n}\n<\/style>\n<div id='av_section_1'  class='avia-section av-m20f2oz4-f8cf3cedaa9c2bf5117f68830960e054 main_color avia-section-default avia-no-shadow  avia-builder-el-0  el_before_av_section  avia-builder-el-first  avia-full-stretch avia-bg-style-scroll av-minimum-height av-minimum-height-50 av-height-50  container_wrap fullsize'  data-section-bg-repeat='stretch' data-av_minimum_height_pc='50' data-av_min_height_opt='50'><div class='container av-section-cont-open' ><main  role=\"main\" itemprop=\"mainContentOfPage\"  class='template-page content  av-content-full alpha units'><div class='post-entry post-entry-type-page post-entry-239'><div class='entry-content-wrapper clearfix'>\n<\/div><\/div><\/main><!-- close content main element --><\/div><\/div><div id='av_section_2'  class='avia-section av-bibuv3-955968f268f6499ca071aca031a064e2 main_color avia-section-huge avia-no-border-styling  avia-builder-el-1  el_after_av_section  el_before_av_layout_row  avia-bg-style-scroll container_wrap fullsize'  ><div class='container av-section-cont-open' ><div class='template-page content  av-content-full alpha units'><div class='post-entry post-entry-type-page post-entry-239'><div class='entry-content-wrapper clearfix'>\n\n<style type=\"text\/css\" data-created_by=\"avia_inline_auto\" id=\"style-css-av-bawpkv-dd23d604c0e56575b6029d7bc72ca57a\">\n#top .flex_column.av-bawpkv-dd23d604c0e56575b6029d7bc72ca57a{\nmargin-top:-200px;\nmargin-bottom:0px;\n}\n.flex_column.av-bawpkv-dd23d604c0e56575b6029d7bc72ca57a{\nborder-radius:0px 0px 0px 0px;\npadding:30px 30px 30px 30px;\nbackground-color:#ffffff;\n}\n.responsive #top #wrap_all .flex_column.av-bawpkv-dd23d604c0e56575b6029d7bc72ca57a{\nmargin-top:-200px;\nmargin-bottom:0px;\n}\n<\/style>\n<div  class='flex_column av-bawpkv-dd23d604c0e56575b6029d7bc72ca57a av_one_full  avia-builder-el-2  el_before_av_hr  avia-builder-el-first  first flex_column_div av-animated-generic bottom-to-top  '     ><p>\n<style type=\"text\/css\" data-created_by=\"avia_inline_auto\" id=\"style-css-av-b5q4rb-3541454080a8089fea55fd35b8bdae5f\">\n#top .hr.hr-invisible.av-b5q4rb-3541454080a8089fea55fd35b8bdae5f{\nheight:20px;\n}\n<\/style>\n<div  class='hr av-b5q4rb-3541454080a8089fea55fd35b8bdae5f hr-invisible  avia-builder-el-3  el_before_av_heading  avia-builder-el-first  av-mini-hide'><span class='hr-inner '><span class=\"hr-inner-style\"><\/span><\/span><\/div><br \/>\n\n<style type=\"text\/css\" data-created_by=\"avia_inline_auto\" id=\"style-css-av-m20f31o4-ad95efb1068ad2c52398009809b40ffa\">\n#top .av-special-heading.av-m20f31o4-ad95efb1068ad2c52398009809b40ffa{\npadding-bottom:20px;\nfont-size:40px;\n}\nbody .av-special-heading.av-m20f31o4-ad95efb1068ad2c52398009809b40ffa .av-special-heading-tag .heading-char{\nfont-size:25px;\n}\n#top #wrap_all .av-special-heading.av-m20f31o4-ad95efb1068ad2c52398009809b40ffa .av-special-heading-tag{\nfont-size:40px;\n}\n.av-special-heading.av-m20f31o4-ad95efb1068ad2c52398009809b40ffa .av-subheading{\nfont-size:15px;\n}\n\n@media only screen and (min-width: 480px) and (max-width: 767px){ \n#top #wrap_all .av-special-heading.av-m20f31o4-ad95efb1068ad2c52398009809b40ffa .av-special-heading-tag{\nfont-size:0.8em;\n}\n}\n\n@media only screen and (max-width: 479px){ \n#top #wrap_all .av-special-heading.av-m20f31o4-ad95efb1068ad2c52398009809b40ffa .av-special-heading-tag{\nfont-size:0.8em;\n}\n}\n<\/style>\n<div  class='av-special-heading av-m20f31o4-ad95efb1068ad2c52398009809b40ffa av-special-heading-h1 blockquote modern-quote modern-centered  avia-builder-el-4  el_after_av_hr  el_before_av_hr  av-inherit-size'><h1 class='av-special-heading-tag '  itemprop=\"headline\"  >Restaurant der griechische K\u00fcche<\/h1><div class='av-subheading av-subheading_below'><p>f\u00fcr eine kulinarische Reise<\/p>\n<\/div><div class=\"special-heading-border\"><div class=\"special-heading-inner-border\"><\/div><\/div><\/div><br \/>\n\n<style type=\"text\/css\" data-created_by=\"avia_inline_auto\" id=\"style-css-av-m20fdy9m-0253abbf158f04a7ed8fffc7e91664d1\">\n#top .hr.av-m20fdy9m-0253abbf158f04a7ed8fffc7e91664d1{\nmargin-top:0px;\nmargin-bottom:70px;\n}\n.hr.av-m20fdy9m-0253abbf158f04a7ed8fffc7e91664d1 .hr-inner{\nwidth:50px;\nborder-color:#d3c608;\nmax-width:45%;\n}\n.hr.av-m20fdy9m-0253abbf158f04a7ed8fffc7e91664d1 .av-seperator-icon{\ncolor:#d3c608;\n}\n<\/style>\n<div  class='hr av-m20fdy9m-0253abbf158f04a7ed8fffc7e91664d1 hr-custom  avia-builder-el-5  el_after_av_heading  el_before_av_textblock  av-mini-hide hr-center hr-icon-yes'><span class='hr-inner inner-border-av-border-fat'><span class=\"hr-inner-style\"><\/span><\/span><span class='av-seperator-icon' aria-hidden='true' data-av_icon='\ue8ce' data-av_iconfont='entypo-fontello'><\/span><span class='hr-inner inner-border-av-border-fat'><span class=\"hr-inner-style\"><\/span><\/span><\/div><br \/>\n<section  class='av_textblock_section av-axvm8f-6ff10322cf5309f48f6da6d253d65be8 '   itemscope=\"itemscope\" itemtype=\"https:\/\/schema.org\/CreativeWork\" ><div class='avia_textblock'  itemprop=\"text\" ><h3 class=\"elementor-heading-title elementor-size-default\" style=\"text-align: center;\">Alle Speisen auch au\u00dfer Haus!<\/h3>\n<p class=\"elementor-heading-title elementor-size-default\" style=\"text-align: center;\">Genie\u00dfen Sie unsere Gerichte bequem zu Hause. Bestellen Sie alle Speisen zum Mitnehmen<br \/>\nund erleben Sie den vollen Geschmack unserer K\u00fcche, wann und wo Sie m\u00f6chten!<\/p>\n<p style=\"text-align: center;\">Telefon: <a href=\"tel:+49342027990\">034202-799140<\/a><\/p>\n<\/div><\/section><\/p><\/div>\n<style type=\"text\/css\" data-created_by=\"avia_inline_auto\" id=\"style-css-av-9kdk7-efa68159592e6c167c4db4dfb4b8818b\">\n#top .hr.av-9kdk7-efa68159592e6c167c4db4dfb4b8818b{\nmargin-top:0px;\nmargin-bottom:70px;\n}\n.hr.av-9kdk7-efa68159592e6c167c4db4dfb4b8818b .hr-inner{\nwidth:50px;\nborder-color:#d3c608;\nmax-width:45%;\n}\n.hr.av-9kdk7-efa68159592e6c167c4db4dfb4b8818b .av-seperator-icon{\ncolor:#d3c608;\n}\n<\/style>\n<div  class='hr av-9kdk7-efa68159592e6c167c4db4dfb4b8818b hr-custom  avia-builder-el-7  el_after_av_one_full  el_before_av_one_full  av-mini-hide hr-center hr-icon-yes'><span class='hr-inner inner-border-av-border-fat'><span class=\"hr-inner-style\"><\/span><\/span><span class='av-seperator-icon' aria-hidden='true' data-av_icon='\ue8ce' data-av_iconfont='entypo-fontello'><\/span><span class='hr-inner inner-border-av-border-fat'><span class=\"hr-inner-style\"><\/span><\/span><\/div>\n<div  class='flex_column av-drycn-e37e3a93c83dbcf77d5d131436039466 av_one_full  avia-builder-el-8  el_after_av_hr  avia-builder-el-last  first flex_column_div  '     ><section  class='av_textblock_section av-7li0z3-71cc8ff0e81dd084adbe4dfc85ffab8c '   itemscope=\"itemscope\" itemtype=\"https:\/\/schema.org\/CreativeWork\" ><div class='avia_textblock'  itemprop=\"text\" ><div class=\"elementor-column elementor-col-50 elementor-top-column elementor-element elementor-element-e77b2ea\" style=\"text-align: center;\" data-id=\"e77b2ea\" data-element_type=\"column\">\n<div class=\"elementor-widget-wrap elementor-element-populated\">\n<div class=\"elementor-element elementor-element-2eeae78 elementor-widget elementor-widget-heading\" data-id=\"2eeae78\" data-element_type=\"widget\" data-widget_type=\"heading.default\">\n<div class=\"elementor-widget-container\">\n<h3 class=\"elementor-heading-title elementor-size-default\">Bei uns hat Gastlichkeit seit \u00fcber 500 Jahren Tradition<\/h3>\n<p class=\"elementor-heading-title elementor-size-default\">Fr\u00fcher wurde unser Haus als Gast- und Erholungsst\u00e4tte von Handelsreisenden, Monarchen und Dichtern gesch\u00e4tzt, heute von Ruhesuchenden und Tagungsg\u00e4sten geliebt. F\u00fcr Familien- und Betriebsfeste, Tagungen sowie Seminare bieten wir anspruchsvolle R\u00e4umlichkeiten mit geschichtstr\u00e4chtigem Flair. Bei uns z\u00e4hlen Ihre Bed\u00fcrfnisse, unser Service tut sein Weiteres.<\/p>\n<\/div>\n<\/div>\n<\/div>\n<\/div>\n<\/div><\/section><\/div><\/div><\/div><\/div><!-- close content main div --><\/div><\/div><div id='av-layout-grid-1'  class='av-layout-grid-container av-71iq7-be3c2012527a5e89a1a7ffc9343a791d entry-content-wrapper main_color av-flex-cells  avia-builder-el-10  el_after_av_section  el_before_av_layout_row  grid-row-not-first  container_wrap fullsize'  >\n\n<style type=\"text\/css\" data-created_by=\"avia_inline_auto\" id=\"style-css-av-m35n48fr-657301f3ff2763422883dec971590cda\">\n.flex_cell.av-m35n48fr-657301f3ff2763422883dec971590cda{\nvertical-align:top;\n}\n.responsive #top #wrap_all .flex_cell.av-m35n48fr-657301f3ff2763422883dec971590cda{\npadding:0px 0px 0px 0px !important;\n}\n<\/style>\n<div class='flex_cell av-m35n48fr-657301f3ff2763422883dec971590cda av-gridrow-cell av_one_full no_margin  avia-builder-el-11  avia-builder-el-no-sibling  av-zero-padding'  ><div class='flex_cell_inner'><p><div class='flex_column_table av-7u2y47-dcd5be078c6e84f25d5947d1e0a2c7e9 sc-av_one_half av-equal-height-column-flextable'>\n<style type=\"text\/css\" data-created_by=\"avia_inline_auto\" id=\"style-css-av-7u2y47-dcd5be078c6e84f25d5947d1e0a2c7e9\">\n.flex_column.av-7u2y47-dcd5be078c6e84f25d5947d1e0a2c7e9{\nborder-radius:0px 0px 0px 0px;\npadding:0px 0px 0px 0px;\n}\n<\/style>\n<div  class='flex_column av-7u2y47-dcd5be078c6e84f25d5947d1e0a2c7e9 av_one_half  avia-builder-el-12  el_before_av_one_half  avia-builder-el-first  first no_margin flex_column_table_cell av-equal-height-column av-align-top av-animated-generic bottom-to-top av-zero-column-padding  '     ><style type=\"text\/css\" data-created_by=\"avia_inline_auto\" id=\"style-css-av-m35l47cg-9286e5817a23ddd6448b4d02a8fdfb5d\">\n.avia-image-container.av-m35l47cg-9286e5817a23ddd6448b4d02a8fdfb5d img.avia_image{\nbox-shadow:none;\n}\n.avia-image-container.av-m35l47cg-9286e5817a23ddd6448b4d02a8fdfb5d .av-image-caption-overlay-center{\ncolor:#ffffff;\n}\n<\/style>\n<div  class='avia-image-container av-m35l47cg-9286e5817a23ddd6448b4d02a8fdfb5d av-styling- av-img-linked avia-align-center  avia-builder-el-13  avia-builder-el-no-sibling '   itemprop=\"image\" itemscope=\"itemscope\" itemtype=\"https:\/\/schema.org\/ImageObject\" ><div class=\"avia-image-container-inner\"><div class=\"avia-image-overlay-wrap\"><a href=\"http:\/\/designplanung-leipzig.de\/projekt-003\/wp-content\/uploads\/2024\/11\/Essen-gehen-Delitzsch-1030x687.jpg\" data-srcset=\"http:\/\/designplanung-leipzig.de\/projekt-003\/wp-content\/uploads\/2024\/11\/Essen-gehen-Delitzsch-1030x687.jpg 1030w, http:\/\/designplanung-leipzig.de\/projekt-003\/wp-content\/uploads\/2024\/11\/Essen-gehen-Delitzsch-300x200.jpg 300w, http:\/\/designplanung-leipzig.de\/projekt-003\/wp-content\/uploads\/2024\/11\/Essen-gehen-Delitzsch-768x512.jpg 768w, http:\/\/designplanung-leipzig.de\/projekt-003\/wp-content\/uploads\/2024\/11\/Essen-gehen-Delitzsch-705x470.jpg 705w, http:\/\/designplanung-leipzig.de\/projekt-003\/wp-content\/uploads\/2024\/11\/Essen-gehen-Delitzsch.jpg 1111w\" data-sizes=\"(max-width: 1030px) 100vw, 1030px\" class='avia_image '  aria-label='Essen-gehen-Delitzsch'><img decoding=\"async\" fetchpriority=\"high\" class='wp-image-12626 avia-img-lazy-loading-not-12626 avia_image ' src=\"http:\/\/designplanung-leipzig.de\/projekt-003\/wp-content\/uploads\/2024\/11\/Essen-gehen-Delitzsch-1030x687.jpg\" alt='' title='Essen-gehen-Delitzsch'  height=\"687\" width=\"1030\"  itemprop=\"thumbnailUrl\" srcset=\"http:\/\/designplanung-leipzig.de\/projekt-003\/wp-content\/uploads\/2024\/11\/Essen-gehen-Delitzsch-1030x687.jpg 1030w, http:\/\/designplanung-leipzig.de\/projekt-003\/wp-content\/uploads\/2024\/11\/Essen-gehen-Delitzsch-300x200.jpg 300w, http:\/\/designplanung-leipzig.de\/projekt-003\/wp-content\/uploads\/2024\/11\/Essen-gehen-Delitzsch-768x512.jpg 768w, http:\/\/designplanung-leipzig.de\/projekt-003\/wp-content\/uploads\/2024\/11\/Essen-gehen-Delitzsch-705x470.jpg 705w, http:\/\/designplanung-leipzig.de\/projekt-003\/wp-content\/uploads\/2024\/11\/Essen-gehen-Delitzsch.jpg 1111w\" sizes=\"(max-width: 1030px) 100vw, 1030px\" \/><\/a><\/div><\/div><\/div><\/div>\n<style type=\"text\/css\" data-created_by=\"avia_inline_auto\" id=\"style-css-av-7b92kf-c6b12c68dba90a0b222fbda49a966510\">\n.flex_column.av-7b92kf-c6b12c68dba90a0b222fbda49a966510{\nborder-radius:0px 0px 0px 0px;\npadding:0px 0px 0px 0px;\n}\n<\/style>\n<div  class='flex_column av-7b92kf-c6b12c68dba90a0b222fbda49a966510 av_one_half  avia-builder-el-14  el_after_av_one_half  avia-builder-el-last  no_margin flex_column_table_cell av-equal-height-column av-align-top av-animated-generic bottom-to-top av-zero-column-padding  '     ><style type=\"text\/css\" data-created_by=\"avia_inline_auto\" id=\"style-css-av-m20f8etg-aed712ea1164aa86b49c9c3f43543328\">\n.avia-image-container.av-m20f8etg-aed712ea1164aa86b49c9c3f43543328 img.avia_image{\nbox-shadow:none;\n}\n.avia-image-container.av-m20f8etg-aed712ea1164aa86b49c9c3f43543328 .av-image-caption-overlay-center{\ncolor:#ffffff;\n}\n<\/style>\n<div  class='avia-image-container av-m20f8etg-aed712ea1164aa86b49c9c3f43543328 av-styling- av-img-linked avia-align-center  avia-builder-el-15  avia-builder-el-no-sibling '   itemprop=\"image\" itemscope=\"itemscope\" itemtype=\"https:\/\/schema.org\/ImageObject\" ><div class=\"avia-image-container-inner\"><div class=\"avia-image-overlay-wrap\"><a href=\"http:\/\/designplanung-leipzig.de\/projekt-003\/wp-content\/uploads\/2024\/11\/Restaurant-Delitzsch-2-1030x687.jpg\" data-srcset=\"http:\/\/designplanung-leipzig.de\/projekt-003\/wp-content\/uploads\/2024\/11\/Restaurant-Delitzsch-2-1030x687.jpg 1030w, http:\/\/designplanung-leipzig.de\/projekt-003\/wp-content\/uploads\/2024\/11\/Restaurant-Delitzsch-2-300x200.jpg 300w, http:\/\/designplanung-leipzig.de\/projekt-003\/wp-content\/uploads\/2024\/11\/Restaurant-Delitzsch-2-768x512.jpg 768w, http:\/\/designplanung-leipzig.de\/projekt-003\/wp-content\/uploads\/2024\/11\/Restaurant-Delitzsch-2-705x470.jpg 705w, http:\/\/designplanung-leipzig.de\/projekt-003\/wp-content\/uploads\/2024\/11\/Restaurant-Delitzsch-2.jpg 1111w\" data-sizes=\"(max-width: 1030px) 100vw, 1030px\" class='avia_image '  aria-label='Restaurant-Delitzsch-2'><img decoding=\"async\" fetchpriority=\"high\" class='wp-image-12624 avia-img-lazy-loading-not-12624 avia_image ' src=\"http:\/\/designplanung-leipzig.de\/projekt-003\/wp-content\/uploads\/2024\/11\/Restaurant-Delitzsch-2-1030x687.jpg\" alt='' title='Restaurant-Delitzsch-2'  height=\"687\" width=\"1030\"  itemprop=\"thumbnailUrl\" srcset=\"http:\/\/designplanung-leipzig.de\/projekt-003\/wp-content\/uploads\/2024\/11\/Restaurant-Delitzsch-2-1030x687.jpg 1030w, http:\/\/designplanung-leipzig.de\/projekt-003\/wp-content\/uploads\/2024\/11\/Restaurant-Delitzsch-2-300x200.jpg 300w, http:\/\/designplanung-leipzig.de\/projekt-003\/wp-content\/uploads\/2024\/11\/Restaurant-Delitzsch-2-768x512.jpg 768w, http:\/\/designplanung-leipzig.de\/projekt-003\/wp-content\/uploads\/2024\/11\/Restaurant-Delitzsch-2-705x470.jpg 705w, http:\/\/designplanung-leipzig.de\/projekt-003\/wp-content\/uploads\/2024\/11\/Restaurant-Delitzsch-2.jpg 1111w\" sizes=\"(max-width: 1030px) 100vw, 1030px\" \/><\/a><\/div><\/div><\/div><\/div><\/div><!--close column table wrapper. Autoclose: 1 --><\/p>\n<\/div><\/div>\n<\/div><\/p>\n<div id='av-layout-grid-2'  class='av-layout-grid-container av-pcuu7-015d85bbd1f578b96b41923549ad52d0 entry-content-wrapper main_color av-flex-cells  avia-builder-el-16  el_after_av_layout_row  el_before_av_layout_row  grid-row-not-first  container_wrap fullsize'  >\n\n<style type=\"text\/css\" data-created_by=\"avia_inline_auto\" id=\"style-css-av-l8mf3-39de07dc8d48a4d0ebb07683cefbc4a1\">\n.flex_cell.av-l8mf3-39de07dc8d48a4d0ebb07683cefbc4a1{\nvertical-align:top;\nheight:15px;\nmin-height:15px;\nbackground:url(http:\/\/designplanung-leipzig.de\/projekt-003\/wp-content\/uploads\/2024\/10\/goldstruktur-1.jpg) 0% 0% no-repeat fixed ;\n}\n.responsive #top #wrap_all .flex_cell.av-l8mf3-39de07dc8d48a4d0ebb07683cefbc4a1{\npadding:0px 0px 0px 0px !important;\n}\n<\/style>\n<div class='flex_cell av-l8mf3-39de07dc8d48a4d0ebb07683cefbc4a1 av-gridrow-cell av_one_full no_margin  avia-builder-el-17  avia-builder-el-no-sibling  av-zero-padding avia-full-stretch'  ><div class='flex_cell_inner'><\/div><\/div>\n<\/div>\n<div id='av-layout-grid-3'  class='av-layout-grid-container av-m20hy46j-41d9b20d65bf506ed9aa9ca2ac53a933 entry-content-wrapper main_color av-flex-cells  avia-builder-el-18  el_after_av_layout_row  el_before_av_layout_row  grid-row-not-first  container_wrap fullsize'  >\n\n<style type=\"text\/css\" data-created_by=\"avia_inline_auto\" id=\"style-css-av-m20hy9s7-4dc4577d51bb30cc5d6851b0d1e3f16e\">\n.flex_cell.av-m20hy9s7-4dc4577d51bb30cc5d6851b0d1e3f16e{\nvertical-align:top;\nbackground-color:#777777;\n}\n<\/style>\n<div class='flex_cell av-m20hy9s7-4dc4577d51bb30cc5d6851b0d1e3f16e av-gridrow-cell av_one_full no_margin  avia-builder-el-19  avia-builder-el-no-sibling '  ><div class='flex_cell_inner'>\n<\/div><\/div>\n<\/div>\n<div id='av-layout-grid-4'  class='av-layout-grid-container av-e7jb3-d6bd0d5d26eb3e5d8928511bb1480385 entry-content-wrapper main_color av-flex-cells  avia-builder-el-21  el_after_av_layout_row  el_before_av_slideshow_full  grid-row-not-first  container_wrap fullsize'  >\n\n<style type=\"text\/css\" data-created_by=\"avia_inline_auto\" id=\"style-css-av-157zb-76901b000b9ef60a7085172e58169598\">\n.flex_cell.av-157zb-76901b000b9ef60a7085172e58169598{\nvertical-align:top;\nheight:15px;\nmin-height:15px;\nbackground:url(http:\/\/designplanung-leipzig.de\/projekt-003\/wp-content\/uploads\/2024\/10\/goldstruktur-1.jpg) 0% 0% no-repeat fixed ;\n}\n.responsive #top #wrap_all .flex_cell.av-157zb-76901b000b9ef60a7085172e58169598{\npadding:0px 0px 0px 0px !important;\n}\n<\/style>\n<div class='flex_cell av-157zb-76901b000b9ef60a7085172e58169598 av-gridrow-cell av_one_full no_margin  avia-builder-el-22  avia-builder-el-no-sibling  av-zero-padding avia-full-stretch'  ><div class='flex_cell_inner'><\/div><\/div>\n<\/div>\n<div id='full_slider_1'  class='avia-fullwidth-slider main_color avia-shadow   avia-builder-el-23  el_after_av_layout_row  el_before_av_layout_row   slider-not-first container_wrap fullsize'  >\n<style type=\"text\/css\" data-created_by=\"avia_inline_auto\" id=\"style-css-av-m20hcdt4-855ccb250dbacbb9e059466898bd03f8\">\n#top #wrap_all .avia-slideshow .av-slideshow-caption.av-m20hcdt4-855ccb250dbacbb9e059466898bd03f8__0 .avia-caption-title{\ncolor:#000000;\n}\n#top .avia-slideshow .av-slideshow-caption.av-m20hcdt4-855ccb250dbacbb9e059466898bd03f8__0 .avia-caption-content{\ncolor:#000000;\n}\n<\/style>\n<div  class='avia-slideshow av-m20hcdt4-855ccb250dbacbb9e059466898bd03f8 avia-slideshow-no scaling av_slideshow_full avia-slide-slider av-slideshow-ui av-control-default av-slideshow-manual av-loop-once av-loop-manual-endless av-default-height-applied   avia-slideshow-1' data-slideshow-options=\"{&quot;animation&quot;:&quot;slide&quot;,&quot;autoplay&quot;:false,&quot;loop_autoplay&quot;:&quot;once&quot;,&quot;interval&quot;:5,&quot;loop_manual&quot;:&quot;manual-endless&quot;,&quot;autoplay_stopper&quot;:false,&quot;noNavigation&quot;:false,&quot;bg_slider&quot;:false,&quot;keep_padding&quot;:false,&quot;hoverpause&quot;:false,&quot;show_slide_delay&quot;:0}\"  itemprop=\"image\" itemscope=\"itemscope\" itemtype=\"https:\/\/schema.org\/ImageObject\" ><ul class='avia-slideshow-inner ' style='padding-bottom: 66.6875%;'><li  class='avia-slideshow-slide av-m20hcdt4-855ccb250dbacbb9e059466898bd03f8__0  av-single-slide slide-1 slide-odd'><div data-rel='slideshow-1' class='avia-slide-wrap '   ><div class='av-slideshow-caption av-m20hcdt4-855ccb250dbacbb9e059466898bd03f8__0 caption_fullwidth caption_left'><div class=\"container caption_container\"><div class=\"slideshow_caption\"><div class=\"slideshow_inner_caption\"><div class=\"slideshow_align_caption\"><h2 class='avia-caption-title '  itemprop=\"name\" >Unsere Speisekarte mit \"mitnehmen\"<\/h2><div class='avia-caption-content av_inherit_color'  itemprop=\"description\" ><p>Sie k\u00f6nnen sich hier die Karte herunter laden<\/p>\n<\/div><a href='http:\/\/designplanung-leipzig.de\/projekt-003\/wp-content\/uploads\/2024\/10\/Speisekarte_2024-bearb.pdf'  target=\"_blank\"  rel=\"noopener noreferrer\" class='avia-slideshow-button avia-button avia-color-theme-color ' data-duration='800' data-easing='easeInOutQuad'>jetzt downloaden<\/a><\/div><\/div><\/div><\/div><\/div><img decoding=\"async\" fetchpriority=\"high\" class=\"wp-image-12487 avia-img-lazy-loading-not-12487\"  src=\"http:\/\/designplanung-leipzig.de\/projekt-003\/wp-content\/uploads\/2024\/10\/Speisekarte-weisses-Ross-1.jpg\" width=\"1600\" height=\"1067\" title='Speisekarte-weisses-Ross' alt=''  itemprop=\"thumbnailUrl\" srcset=\"http:\/\/designplanung-leipzig.de\/projekt-003\/wp-content\/uploads\/2024\/10\/Speisekarte-weisses-Ross-1.jpg 1600w, http:\/\/designplanung-leipzig.de\/projekt-003\/wp-content\/uploads\/2024\/10\/Speisekarte-weisses-Ross-1-300x200.jpg 300w, http:\/\/designplanung-leipzig.de\/projekt-003\/wp-content\/uploads\/2024\/10\/Speisekarte-weisses-Ross-1-1030x687.jpg 1030w, http:\/\/designplanung-leipzig.de\/projekt-003\/wp-content\/uploads\/2024\/10\/Speisekarte-weisses-Ross-1-768x512.jpg 768w, http:\/\/designplanung-leipzig.de\/projekt-003\/wp-content\/uploads\/2024\/10\/Speisekarte-weisses-Ross-1-1536x1024.jpg 1536w, http:\/\/designplanung-leipzig.de\/projekt-003\/wp-content\/uploads\/2024\/10\/Speisekarte-weisses-Ross-1-1500x1000.jpg 1500w, http:\/\/designplanung-leipzig.de\/projekt-003\/wp-content\/uploads\/2024\/10\/Speisekarte-weisses-Ross-1-705x470.jpg 705w\" sizes=\"(max-width: 1600px) 100vw, 1600px\" \/><\/div><\/li><\/ul><\/div><\/div>\n<div id='av-layout-grid-5'  class='av-layout-grid-container av-1zfeef-553b1d2aeb1dc4ef4e0fb4aba1c3b910 entry-content-wrapper main_color av-flex-cells  avia-builder-el-24  el_after_av_slideshow_full  el_before_av_layout_row  grid-row-not-first  container_wrap fullsize'  >\n<div class='flex_cell av-1pdrvr-f6ebae5c50d728b3da54f523d5ff8fc8 av-gridrow-cell av_one_full no_margin  avia-builder-el-25  avia-builder-el-no-sibling '  ><div class='flex_cell_inner'><p><div  class='hr av-m20ibbxt-f5a7bf67294ee45da140d1785b710d58 hr-default  avia-builder-el-26  el_before_av_heading  avia-builder-el-first  av-mini-hide'><span class='hr-inner '><span class=\"hr-inner-style\"><\/span><\/span><\/div><br \/>\n\n<style type=\"text\/css\" data-created_by=\"avia_inline_auto\" id=\"style-css-av-m20iaam1-2b00fe282d0de40b08c7d682a567915c\">\n#top .av-special-heading.av-m20iaam1-2b00fe282d0de40b08c7d682a567915c{\npadding-bottom:40px;\n}\nbody .av-special-heading.av-m20iaam1-2b00fe282d0de40b08c7d682a567915c .av-special-heading-tag .heading-char{\nfont-size:25px;\n}\n.av-special-heading.av-m20iaam1-2b00fe282d0de40b08c7d682a567915c .av-subheading{\nfont-size:15px;\n}\n<\/style>\n<div  class='av-special-heading av-m20iaam1-2b00fe282d0de40b08c7d682a567915c av-special-heading-h3 blockquote modern-quote modern-centered  avia-builder-el-27  el_after_av_hr  el_before_av_codeblock '><h3 class='av-special-heading-tag '  itemprop=\"headline\"  >Unsere Bewertungen bei Google<\/h3><div class=\"special-heading-border\"><div class=\"special-heading-inner-border\"><\/div><\/div><\/div><br \/>\n<\/p>\n<\/div><\/div>\n<\/div>\n<div id='av-layout-grid-6'  class='av-layout-grid-container av-fkvjj-2fd38d1498d00d94966448b2a9a2a483 entry-content-wrapper main_color av-flex-cells  avia-builder-el-29  el_after_av_layout_row  avia-builder-el-last  grid-row-not-first  container_wrap fullsize'  >\n\n<style type=\"text\/css\" data-created_by=\"avia_inline_auto\" id=\"style-css-av-9fylz-cbc352988d874b772b72099dd354ebe7\">\n.flex_cell.av-9fylz-cbc352988d874b772b72099dd354ebe7{\nvertical-align:top;\nheight:15px;\nmin-height:15px;\nbackground:url(http:\/\/designplanung-leipzig.de\/projekt-003\/wp-content\/uploads\/2024\/10\/goldstruktur-1.jpg) 0% 0% no-repeat fixed ;\n}\n.responsive #top #wrap_all .flex_cell.av-9fylz-cbc352988d874b772b72099dd354ebe7{\npadding:0px 0px 0px 0px !important;\n}\n<\/style>\n<div class='flex_cell av-9fylz-cbc352988d874b772b72099dd354ebe7 av-gridrow-cell av_one_full no_margin  avia-builder-el-30  avia-builder-el-no-sibling  av-zero-padding avia-full-stretch'  ><div class='flex_cell_inner'><\/div><\/div>\n<\/div>\n","protected":false},"excerpt":{"rendered":"","protected":false},"author":1,"featured_media":0,"parent":0,"menu_order":0,"comment_status":"closed","ping_status":"closed","template":"","meta":{"footnotes":""},"class_list":["post-239","page","type-page","status-publish","hentry"],"_links":{"self":[{"href":"http:\/\/designplanung-leipzig.de\/projekt-003\/wp-json\/wp\/v2\/pages\/239","targetHints":{"allow":["GET"]}}],"collection":[{"href":"http:\/\/designplanung-leipzig.de\/projekt-003\/wp-json\/wp\/v2\/pages"}],"about":[{"href":"http:\/\/designplanung-leipzig.de\/projekt-003\/wp-json\/wp\/v2\/types\/page"}],"author":[{"embeddable":true,"href":"http:\/\/designplanung-leipzig.de\/projekt-003\/wp-json\/wp\/v2\/users\/1"}],"replies":[{"embeddable":true,"href":"http:\/\/designplanung-leipzig.de\/projekt-003\/wp-json\/wp\/v2\/comments?post=239"}],"version-history":[{"count":56,"href":"http:\/\/designplanung-leipzig.de\/projekt-003\/wp-json\/wp\/v2\/pages\/239\/revisions"}],"predecessor-version":[{"id":12694,"href":"http:\/\/designplanung-leipzig.de\/projekt-003\/wp-json\/wp\/v2\/pages\/239\/revisions\/12694"}],"wp:attachment":[{"href":"http:\/\/designplanung-leipzig.de\/projekt-003\/wp-json\/wp\/v2\/media?parent=239"}],"curies":[{"name":"wp","href":"https:\/\/api.w.org\/{rel}","templated":true}]}}